{"id":230,"date":"2021-04-19T09:46:56","date_gmt":"2021-04-19T07:46:56","guid":{"rendered":"https:\/\/www.vermessung-peine.de\/?page_id=230"},"modified":"2024-08-16T14:16:05","modified_gmt":"2024-08-16T12:16:05","slug":"karriere","status":"publish","type":"page","link":"https:\/\/www.vermessung-peine.de\/index.php\/karriere\/","title":{"rendered":"Karriere"},"content":{"rendered":"<div  style='padding-bottom:10px; ' class='av-special-heading av-special-heading-h3  blockquote modern-quote  avia-builder-el-0  el_before_av_hr  avia-builder-el-first  '><h3 class='av-special-heading-tag '  itemprop=\"headline\"  > Ausbildung als Vermessungstechniker\/in (m\/w\/d)<\/h3><div class='special-heading-border'><div class='special-heading-inner-border' ><\/div><\/div><\/div>\n<div  style='height:5px' class='hr hr-invisible   avia-builder-el-1  el_after_av_heading  el_before_av_two_third '><span class='hr-inner ' ><span class='hr-inner-style'><\/span><\/span><\/div>\n<div class=\"flex_column av_two_third  flex_column_div av-zero-column-padding first  avia-builder-el-2  el_after_av_hr  el_before_av_hr  \" style='border-radius:0px; '><section class=\"av_textblock_section \"  itemscope=\"itemscope\" itemtype=\"https:\/\/schema.org\/CreativeWork\" ><div class='avia_textblock  '  style='font-size:16px; '  itemprop=\"text\" ><h4><strong>Wir suchen f\u00fcr August 2025 eine\/n Auszubildende\/n f\u00fcr den Beruf des Vermessungstechnikers.<\/strong><\/h4>\n<p>Wie hei\u00dft es so sch\u00f6n: \u201eGebaut wird immer\u201c &#8211; und als Vermessungsb\u00fcro tragen wir einen wichtigen Teil dazu bei: Wir erstellen Planungsgrundlagen f\u00fcr Bebauungspl\u00e4ne, Bestandspl\u00e4ne f\u00fcr Stra\u00dfenplanungen und vieles mehr. Doch auch f\u00fcr Privatpersonen und -firmen sind wir t\u00e4tig: Vom Lageplan zum Bauantrag bis zur Endeinmessung des fertigen Geb\u00e4udes (vom kleinen Wohnhaus bis zu riesigen Logistikhallen) werden die Bauherren von uns vermessungstechnisch begleitet. Auch Zerlegungsvermessungen f\u00fcr Grundst\u00fccksverk\u00e4ufe geh\u00f6ren zum Beispiel zu unserem Aufgabenbereich.<\/p>\n<p>Die Ausbildungszeit betr\u00e4gt 3 Jahre und findet zum Gro\u00dfteil nat\u00fcrlich im Betrieb statt. Erg\u00e4nzt wird dies wie \u00fcblich durch die Berufsschule und die sogenannte Unterweisungsgemeinschaft (UWG) f\u00fcr den \u201etheoretisch-praktischen\u201c Part.<\/p>\n<p>Also: Wenn Ihr Spa\u00df an Geometrie in der Schule habt, gerne mit Zahlen und Computern umgeht, technisch interessiert seid und nicht nur hinter dem Schreibtisch sondern auch gerne mal drau\u00dfen t\u00e4tig sein wollt, dann bewerbt Euch bei uns.<\/p>\n<p>Einen F\u00fchrerschein der Klasse B w\u00e4re vorteilhaft, ist aber keine Voraussetzung.<\/p>\n<\/div><\/section><br \/>\n<div  style='height:5px' class='hr hr-invisible   avia-builder-el-4  el_after_av_textblock  el_before_av_button '><span class='hr-inner ' ><span class='hr-inner-style'><\/span><\/span><\/div><br \/>\n<div  class='avia-button-wrap avia-button-left  avia-builder-el-5  el_after_av_hr  avia-builder-el-last ' ><a href='mailto:gaebler@vermessung-peine.de'  class='avia-button   avia-icon_select-no avia-color-theme-color avia-size-medium avia-position-left '   ><span class='avia_iconbox_title' >Kontakt aufnehmen<\/span><\/a><\/div><\/p><\/div><div  style='height:35px' class='hr hr-invisible   avia-builder-el-6  el_after_av_two_third  el_before_av_heading '><span class='hr-inner ' ><span class='hr-inner-style'><\/span><\/span><\/div><\/p>\n<div  style='padding-bottom:10px; ' class='av-special-heading av-special-heading-h3  blockquote modern-quote  avia-builder-el-7  el_after_av_hr  el_before_av_hr  '><h3 class='av-special-heading-tag '  itemprop=\"headline\"  >Vermessungstechniker\/in bzw. Vermessungsassessor\/in (m\/w\/d)<\/h3><div class='special-heading-border'><div class='special-heading-inner-border' ><\/div><\/div><\/div>\n<div  style='height:5px' class='hr hr-invisible   avia-builder-el-8  el_after_av_heading  el_before_av_two_third '><span class='hr-inner ' ><span class='hr-inner-style'><\/span><\/span><\/div>\n<div class=\"flex_column av_two_third  flex_column_div av-zero-column-padding first  avia-builder-el-9  el_after_av_hr  el_before_av_image  \" style='border-radius:0px; '><p><section class=\"av_textblock_section \"  itemscope=\"itemscope\" itemtype=\"https:\/\/schema.org\/CreativeWork\" ><div class='avia_textblock  '  style='font-size:16px; '  itemprop=\"text\" ><p>Zur Zeit suchen wir keine Vermessungstechniker\/in, Initiativ Bewerbungen sind aber willkommen.<\/p>\n<p>Bewerbungen von Vermessungsassessoren\/in sind immer willkommen.<\/p>\n<\/div><\/section><br \/>\n<div  style='height:5px' class='hr hr-invisible   avia-builder-el-11  el_after_av_textblock  el_before_av_button '><span class='hr-inner ' ><span class='hr-inner-style'><\/span><\/span><\/div><br \/>\n<div  class='avia-button-wrap avia-button-left  avia-builder-el-12  el_after_av_hr  avia-builder-el-last ' ><a href='mailto:gaebler@vermessung-peine.de'  class='avia-button   avia-icon_select-no avia-color-theme-color avia-size-medium avia-position-left '   ><span class='avia_iconbox_title' >Kontakt aufnehmen<\/span><\/a><\/div><\/p><\/div>\n<div  class='avia-image-container  av-styling-no-styling    avia-builder-el-13  el_after_av_two_third  avia-builder-el-last  avia-align-center '  itemprop=\"image\" itemscope=\"itemscope\" itemtype=\"https:\/\/schema.org\/ImageObject\"  ><div class='avia-image-container-inner'><div class='avia-image-overlay-wrap'><img class='avia_image' src='https:\/\/www.vermessung-peine.de\/wp-content\/uploads\/2022\/04\/FMG21119293-1-1.png' alt='' title='FMG21119293-1-1' height=\"882\" width=\"572\"  itemprop=\"thumbnailUrl\"  \/><\/div><\/div><\/div>\n","protected":false},"excerpt":{"rendered":"","protected":false},"author":1,"featured_media":0,"parent":0,"menu_order":0,"comment_status":"closed","ping_status":"closed","template":"","meta":[],"_links":{"self":[{"href":"https:\/\/www.vermessung-peine.de\/index.php\/wp-json\/wp\/v2\/pages\/230"}],"collection":[{"href":"https:\/\/www.vermessung-peine.de\/index.php\/wp-json\/wp\/v2\/pages"}],"about":[{"href":"https:\/\/www.vermessung-peine.de\/index.php\/wp-json\/wp\/v2\/types\/page"}],"author":[{"embeddable":true,"href":"https:\/\/www.vermessung-peine.de\/index.php\/wp-json\/wp\/v2\/users\/1"}],"replies":[{"embeddable":true,"href":"https:\/\/www.vermessung-peine.de\/index.php\/wp-json\/wp\/v2\/comments?post=230"}],"version-history":[{"count":27,"href":"https:\/\/www.vermessung-peine.de\/index.php\/wp-json\/wp\/v2\/pages\/230\/revisions"}],"predecessor-version":[{"id":293,"href":"https:\/\/www.vermessung-peine.de\/index.php\/wp-json\/wp\/v2\/pages\/230\/revisions\/293"}],"wp:attachment":[{"href":"https:\/\/www.vermessung-peine.de\/index.php\/wp-json\/wp\/v2\/media?parent=230"}],"curies":[{"name":"wp","href":"https:\/\/api.w.org\/{rel}","templated":true}]}}